{"id":7831,"date":"2017-11-21T11:12:27","date_gmt":"2017-11-21T11:12:27","guid":{"rendered":"https:\/\/bomedia.net\/product\/tete-dimpression-epson-dx5-artis-3000u"},"modified":"2017-11-21T11:12:27","modified_gmt":"2017-11-21T11:12:27","slug":"tete-dimpression-epson-dx5-artis-3000u","status":"publish","type":"product","link":"https:\/\/bomedia.net\/fr\/produit\/tete-dimpression-epson-dx5-artis-3000u","title":{"rendered":"T\u00eate d&rsquo;impression Epson DX5 (Artis 3000U)"},"content":{"rendered":"","protected":false},"excerpt":{"rendered":"<h6>T\u00eate Epson Piezo Electric DX5<\/h6>\n<p>Pi\u00e8ces d\u00e9tach\u00e9es pour les mod\u00e8les :<\/p>\n<ul>\n<li><a href=\"http:\/\/artisjet-spain.es\/producto\/impresora-artis-3000t\/\">Artis 3000T<\/a><\/li>\n<li><a href=\"http:\/\/artisjet-spain.es\/producto\/impresora-artis-3000u\/\">Artis 3000 UV Led<\/a><\/li>\n<li><a href=\"http:\/\/artisjet-spain.es\/producto\/impresora-br1800-uv-led\/\">Artis BR1800 UV Led<\/a><\/li>\n<\/ul>\n<p>&nbsp;<\/p>\n<p><a class=\"fasc-button fasc-size-medium fasc-type-glossy fasc-rounded-medium fasc-ico-before dashicons-edit\" style=\"background-color: #33809e; color: #ffffff;\" href=\"\/contacto\/\">Demander le prix et plus d&rsquo;informations<\/a><\/p>\n","protected":false},"featured_media":5189,"template":"","meta":{"zakra_page_container_layout":"customizer","zakra_page_sidebar_layout":"customizer","zakra_remove_content_margin":false,"zakra_sidebar":"customizer","zakra_transparent_header":"customizer","zakra_logo":0,"zakra_main_header_style":"default","zakra_menu_item_color":"","zakra_menu_item_hover_color":"","zakra_menu_item_active_color":"","zakra_menu_active_style":"","zakra_page_header":true,"_eb_attr":""},"product_brand":[],"product_cat":[154],"product_tag":[],"class_list":{"0":"post-7831","1":"product","2":"type-product","3":"status-publish","4":"has-post-thumbnail","6":"product_cat-pieces-de-rechange-led-uv","8":"first","9":"instock","10":"sold-individually","11":"taxable","12":"shipping-taxable","13":"purchasable","14":"product-type-simple"},"_links":{"self":[{"href":"https:\/\/bomedia.net\/fr\/wp-json\/wp\/v2\/product\/7831","targetHints":{"allow":["GET"]}}],"collection":[{"href":"https:\/\/bomedia.net\/fr\/wp-json\/wp\/v2\/product"}],"about":[{"href":"https:\/\/bomedia.net\/fr\/wp-json\/wp\/v2\/types\/product"}],"version-history":[{"count":0,"href":"https:\/\/bomedia.net\/fr\/wp-json\/wp\/v2\/product\/7831\/revisions"}],"wp:featuredmedia":[{"embeddable":true,"href":"https:\/\/bomedia.net\/fr\/wp-json\/wp\/v2\/media\/5189"}],"wp:attachment":[{"href":"https:\/\/bomedia.net\/fr\/wp-json\/wp\/v2\/media?parent=7831"}],"wp:term":[{"taxonomy":"product_brand","embeddable":true,"href":"https:\/\/bomedia.net\/fr\/wp-json\/wp\/v2\/product_brand?post=7831"},{"taxonomy":"product_cat","embeddable":true,"href":"https:\/\/bomedia.net\/fr\/wp-json\/wp\/v2\/product_cat?post=7831"},{"taxonomy":"product_tag","embeddable":true,"href":"https:\/\/bomedia.net\/fr\/wp-json\/wp\/v2\/product_tag?post=7831"}],"curies":[{"name":"wp","href":"https:\/\/api.w.org\/{rel}","templated":true}]}}