{"id":8324,"date":"2024-07-25T06:12:54","date_gmt":"2024-07-25T06:12:54","guid":{"rendered":"https:\/\/bomedia.net\/?post_type=product&#038;p=8324"},"modified":"2024-07-25T06:21:37","modified_gmt":"2024-07-25T06:21:37","slug":"ploter-de-corte","status":"publish","type":"product","link":"https:\/\/bomedia.net\/fr\/produit\/ploter-de-corte","title":{"rendered":"Pl\u00f3ter de corte de escritorio &#8211; Makers"},"content":{"rendered":"<p>Es una m\u00e1quina similar a una impresora de tinta, su funci\u00f3n principal es cortar dise\u00f1os que despu\u00e9s se fijan a otra superficie. Pueden fijarse en camisetas, paredes, cristales y casi en toda clase de superficies. Tambi\u00e9n son usadas en costura.<\/p>\n<h3>Caracter\u00edsticas t\u00e9cnicas<\/h3>\n<ul>\n<li><strong>Modelo <\/strong>: <strong>Silhouette CAMEO 4 PRO<\/strong><\/li>\n<li><strong>\u00c1rea de trabajo <\/strong>: 61 cm de ancho (24 pulgadas), 18 metros largo los rollos.<\/li>\n<li><strong>Materiales de trabajo <\/strong>: Vinilo, vinilo de transferencia t\u00e9rmica, cartulina, goma EVA, papel adhesivo y ropa.<\/li>\n<li><strong>Accesorios <\/strong>: Alfombra para sujetar los materiales que no se mueven durante el corte.<\/li>\n<li><strong>Prestaciones <\/strong>: dos cabezales simult\u00e1neos para distintos tipos de puntas de corte, detecci\u00f3n autom\u00e1tica de las puntas, alfombra de 61x61cm semiadhesiva, adaptador para materiales en rollos, conexi\u00f3n USB y Bluetooth, corte o perforaci\u00f3n m\u00e1xima de 3 mm.<\/li>\n<\/ul>\n","protected":false},"excerpt":{"rendered":"<ul>\n<li><strong>Modelo <\/strong>: <strong>Silhouette CAMEO 4 PRO<\/strong><\/li>\n<li><strong>\u00c1rea de trabajo <\/strong>: 61 cm de ancho (24 pulgadas), 18 metros largo los rollos.<\/li>\n<li><strong>Materiales de trabajo <\/strong>: Vinilo, vinilo de transferencia t\u00e9rmica, cartulina, goma EVA, papel adhesivo y ropa.<\/li>\n<li><strong>Accesorios <\/strong>: Alfombra para sujetar los materiales que no se mueven durante el corte.<\/li>\n<li><strong>Prestaciones <\/strong>: dos cabezales simult\u00e1neos para distintos tipos de puntas de corte, detecci\u00f3n autom\u00e1tica de las puntas, alfombra de 61x61cm semiadhesiva, adaptador para materiales en rollos, conexi\u00f3n USB y Bluetooth, corte o perforaci\u00f3n m\u00e1xima de 3 mm.<\/li>\n<\/ul>\n<p class=\"p1\"><span class=\"s1\">[su_button url=\"\/contact\/\" target=\"blank\" style=\"3d\" background=\"#2D89EF\" color=\"#FFFFFF\" size=\"3\"]Solicita m\u00e1s informaci\u00f3n[\/su_button]<\/span><\/p>\n","protected":false},"featured_media":8180,"template":"","meta":{"zakra_page_container_layout":"customizer","zakra_page_sidebar_layout":"customizer","zakra_remove_content_margin":false,"zakra_sidebar":"customizer","zakra_transparent_header":"customizer","zakra_logo":0,"zakra_main_header_style":"default","zakra_menu_item_color":"","zakra_menu_item_hover_color":"","zakra_menu_item_active_color":"","zakra_menu_active_style":"","zakra_page_header":true,"_eb_attr":""},"product_brand":[],"product_cat":[523],"product_tag":[],"class_list":{"0":"post-8324","1":"product","2":"type-product","3":"status-publish","4":"has-post-thumbnail","6":"product_cat-makers","8":"first","9":"instock","10":"taxable","11":"shipping-taxable","12":"product-type-simple"},"_links":{"self":[{"href":"https:\/\/bomedia.net\/fr\/wp-json\/wp\/v2\/product\/8324","targetHints":{"allow":["GET"]}}],"collection":[{"href":"https:\/\/bomedia.net\/fr\/wp-json\/wp\/v2\/product"}],"about":[{"href":"https:\/\/bomedia.net\/fr\/wp-json\/wp\/v2\/types\/product"}],"version-history":[{"count":1,"href":"https:\/\/bomedia.net\/fr\/wp-json\/wp\/v2\/product\/8324\/revisions"}],"predecessor-version":[{"id":8325,"href":"https:\/\/bomedia.net\/fr\/wp-json\/wp\/v2\/product\/8324\/revisions\/8325"}],"wp:featuredmedia":[{"embeddable":true,"href":"https:\/\/bomedia.net\/fr\/wp-json\/wp\/v2\/media\/8180"}],"wp:attachment":[{"href":"https:\/\/bomedia.net\/fr\/wp-json\/wp\/v2\/media?parent=8324"}],"wp:term":[{"taxonomy":"product_brand","embeddable":true,"href":"https:\/\/bomedia.net\/fr\/wp-json\/wp\/v2\/product_brand?post=8324"},{"taxonomy":"product_cat","embeddable":true,"href":"https:\/\/bomedia.net\/fr\/wp-json\/wp\/v2\/product_cat?post=8324"},{"taxonomy":"product_tag","embeddable":true,"href":"https:\/\/bomedia.net\/fr\/wp-json\/wp\/v2\/product_tag?post=8324"}],"curies":[{"name":"wp","href":"https:\/\/api.w.org\/{rel}","templated":true}]}}