{"id":8330,"date":"2024-07-25T06:20:05","date_gmt":"2024-07-25T06:20:05","guid":{"rendered":"https:\/\/bomedia.net\/?post_type=product&#038;p=8330"},"modified":"2024-08-08T09:00:22","modified_gmt":"2024-08-08T09:00:22","slug":"kit-de-robotica-makers","status":"publish","type":"product","link":"https:\/\/bomedia.net\/fr\/produit\/kit-de-robotica-makers","title":{"rendered":"Kit de rob\u00f3tica &#8211; Makers"},"content":{"rendered":"<p><span lang=\"es\">El kit de programaci\u00f3n y rob\u00f3tica del aula maker nos permite experimentar, realizar creaciones con las diferentes tecnolog\u00edas de rob\u00f3tica \u00ab\u00a0abierta\u00a0\u00bb (micro:bit, arduino, esp32, raspberry\u2026) y conectar el mundo f\u00edsico a nuestros proyectos digitales de control, experimentaci\u00f3n, adquisici\u00f3n de datos, comunicaci\u00f3n\u2026 Desde primaria hasta secundaria, utilizando software educativo de referencia (Scratch, Snap!, Microblocks, Arduinoblocks\u2026) podremos crear todo tipo de proyectos y compartirlos con la red educativa\u2026 Desde el Aula MAKER queremos poder replicar y cooperar con proyectos de otros centros con cualquiera de estas tecnolog\u00edas de control.<\/span><\/p>\n<h4>Descripci\u00f3n del kit<\/h4>\n<ul>\n<li><strong>Fuente de alimentaci\u00f3n<\/strong><\/li>\n<li><strong>Mult\u00edmetro<\/strong><\/li>\n<li><strong>11 <\/strong>placas <strong>micro:bit v2 <\/strong>con cable USB<\/li>\n<li><strong>12 <\/strong>placas <strong>UNO <\/strong>con 3 conectores para pin y cable USB<\/li>\n<li><strong>12 <\/strong>placas <strong>ESP32STEAMakers <\/strong>con cable USB<\/li>\n<li><strong>11 <\/strong>placas <strong>ED1 <\/strong>con bater\u00eda y cable USB<\/li>\n<li><strong>12 PowerBanks <\/strong>con conector USB<\/li>\n<li><strong>5 placas con controlador de motores <\/strong>por micro:bit<\/li>\n<li><strong>12 placas con sensores y control de motores <\/strong>por UNO\/ESP32STEAMakers<\/li>\n<li><strong>12 placas de sensores y actuadores <\/strong>por UNO\/ESP32STEAMakers<\/li>\n<li><strong>12 m\u00f3dulos BlueTooth <\/strong>para la conexi\u00f3n serie de las placas<\/li>\n<li><strong>6 kits de sensores b\u00e1sicos <\/strong>: pulsador, t\u00e1ctil, luz, temperatura, humedad, final de carrera, trackers, ultrasonidos, PIR, agua, humedad del suelo y mando a distancia.<\/li>\n<li><strong>6 kits de actuadores b\u00e1sicos <\/strong>: LEDs blanco, azul, rojo, amarillo, verde, 3W, motor DC, siervo 180, siervo 360, motor paso a paso, tira de leds, rel\u00e9 emisor IR, pantalla oled, zumbador activo y pasivo, pantalla lcd y matriz de leds.<\/li>\n<li>1 kit de <strong>sensores avanzados <\/strong>: rotaci\u00f3n, part\u00edculas, presi\u00f3n, magn\u00e9ticos, colisi\u00f3n, obst\u00e1culos, gas, alcohol, calidad de aire, temperatura, fotointerruptor, aceler\u00f3metro, inclinaci\u00f3n, vibraci\u00f3n, reloj, color, rfid, mp3, tarjetas sd y nunchuck.<\/li>\n<li>Kit de <strong>cables de conexi\u00f3n <\/strong>duponte y polarizados (5+10+10+10)<\/li>\n<li><strong>10 <\/strong>kits de emuladores de teclado<\/li>\n<li><strong>Kit Raspberry <\/strong>de escritorio con pantalla t\u00e1ctil y c\u00e1mara<\/li>\n<\/ul>\n","protected":false},"excerpt":{"rendered":"<p><span lang=\"es\">El kit de programaci\u00f3n y rob\u00f3tica del aula maker nos permite experimentar, realizar creaciones con las diferentes tecnolog\u00edas de rob\u00f3tica \u00ab\u00a0abierta\u00a0\u00bb (micro:bit, arduino, esp32, raspberry\u2026) y conectar el mundo f\u00edsico a nuestros proyectos digitales de control, experimentaci\u00f3n, adquisici\u00f3n de datos, comunicaci\u00f3n\u2026 Desde primaria hasta secundaria, utilizando software educativo de referencia (Scratch, Snap!, Microblocks, Arduinoblocks\u2026) podremos crear todo tipo de proyectos y compartirlos con la red educativa\u2026 Desde el Aula MAKER queremos poder replicar y cooperar con proyectos de otros centros con cualquiera de estas tecnolog\u00edas de control.<\/span><\/p>\n<p>&nbsp;<\/p>\n<p class=\"p1\"><span class=\"s1\">[su_button url=\"\/contact\/\" target=\"blank\" style=\"3d\" background=\"#2D89EF\" color=\"#FFFFFF\" size=\"3\"]Solicita m\u00e1s informaci\u00f3n[\/su_button]<\/span><\/p>\n","protected":false},"featured_media":8345,"template":"","meta":{"zakra_page_container_layout":"customizer","zakra_page_sidebar_layout":"customizer","zakra_remove_content_margin":false,"zakra_sidebar":"customizer","zakra_transparent_header":"customizer","zakra_logo":0,"zakra_main_header_style":"default","zakra_menu_item_color":"","zakra_menu_item_hover_color":"","zakra_menu_item_active_color":"","zakra_menu_active_style":"","zakra_page_header":true,"_eb_attr":""},"product_brand":[],"product_cat":[523],"product_tag":[],"class_list":{"0":"post-8330","1":"product","2":"type-product","3":"status-publish","4":"has-post-thumbnail","6":"product_cat-makers","8":"first","9":"instock","10":"taxable","11":"shipping-taxable","12":"product-type-simple"},"_links":{"self":[{"href":"https:\/\/bomedia.net\/fr\/wp-json\/wp\/v2\/product\/8330","targetHints":{"allow":["GET"]}}],"collection":[{"href":"https:\/\/bomedia.net\/fr\/wp-json\/wp\/v2\/product"}],"about":[{"href":"https:\/\/bomedia.net\/fr\/wp-json\/wp\/v2\/types\/product"}],"version-history":[{"count":1,"href":"https:\/\/bomedia.net\/fr\/wp-json\/wp\/v2\/product\/8330\/revisions"}],"predecessor-version":[{"id":8331,"href":"https:\/\/bomedia.net\/fr\/wp-json\/wp\/v2\/product\/8330\/revisions\/8331"}],"wp:featuredmedia":[{"embeddable":true,"href":"https:\/\/bomedia.net\/fr\/wp-json\/wp\/v2\/media\/8345"}],"wp:attachment":[{"href":"https:\/\/bomedia.net\/fr\/wp-json\/wp\/v2\/media?parent=8330"}],"wp:term":[{"taxonomy":"product_brand","embeddable":true,"href":"https:\/\/bomedia.net\/fr\/wp-json\/wp\/v2\/product_brand?post=8330"},{"taxonomy":"product_cat","embeddable":true,"href":"https:\/\/bomedia.net\/fr\/wp-json\/wp\/v2\/product_cat?post=8330"},{"taxonomy":"product_tag","embeddable":true,"href":"https:\/\/bomedia.net\/fr\/wp-json\/wp\/v2\/product_tag?post=8330"}],"curies":[{"name":"wp","href":"https:\/\/api.w.org\/{rel}","templated":true}]}}