{"id":8309,"date":"2024-07-25T06:05:59","date_gmt":"2024-07-25T06:05:59","guid":{"rendered":"https:\/\/bomedia.net\/?post_type=product&#038;p=8309"},"modified":"2024-07-25T06:05:59","modified_gmt":"2024-07-25T06:05:59","slug":"escaner-impresora-makers","status":"publish","type":"product","link":"https:\/\/bomedia.net\/nl\/product\/escaner-impresora-makers","title":{"rendered":"Esc\u00e1ner-Impresora &#8211; Makers"},"content":{"rendered":"<p>Impresora de inyecci\u00f3n de tinta multifunci\u00f3n (escaneo documentos &#8211; impresi\u00f3n en escala de grises y en color) en formato A4.<br \/>\nUtiliza tinta l\u00edquida (recargable) bajando el coste de soluciones similares con cartuchos de tinta.<\/p>\n<p>Ideal para trabajos \u00e1giles y puntuales y para la utilizaci\u00f3n de soportes espec\u00edficos (impresi\u00f3n de elementos previo a su corte con el plotter, transfers textiles\u2026) donde la soluci\u00f3n m\u00e1s robusta de escaneo e impresi\u00f3n del centro puede no ser adecuada.<\/p>\n<h3>Caracter\u00edsticas t\u00e9cnicas<\/h3>\n<ul>\n<li>Impresi\u00f3n hasta <strong>A4 <\/strong>con resoluci\u00f3n de <strong>5.760 x 1.440 ppp<\/strong><\/li>\n<li><strong>Tinta l\u00edquida <\/strong>: Negro, Cian, Amarillo y Magenta<\/li>\n<li><strong>Velocidad de impresi\u00f3n <\/strong>: <strong>33 pag\/min (negro) y 15 pag\/min (color)<\/strong><\/li>\n<li><strong>Escaneo <\/strong>hasta A4 con resoluci\u00f3n de <strong>1.200 ppp <\/strong>(horizontal) y <strong>2.400 ppp <\/strong>(vertical)<\/li>\n<li><strong>Velocidad de escaneo <\/strong>: 11s\/pag (grises) y 28 s\/pag (color)<\/li>\n<li><strong>Peso y dimensiones <\/strong>: 3,9 kg y 375 x 347 x 179 mm (ancho x fondo x altura)<\/li>\n<\/ul>\n","protected":false},"excerpt":{"rendered":"<ul>\n<li>Impresi\u00f3n hasta <strong>A4 <\/strong>con resoluci\u00f3n de <strong>5.760 x 1.440 ppp<\/strong><\/li>\n<li><strong>Tinta l\u00edquida <\/strong>: Negro, Cian, Amarillo y Magenta<\/li>\n<li><strong>Velocidad de impresi\u00f3n <\/strong>: <strong>33 pag\/min (negro) y 15 pag\/min (color)<\/strong><\/li>\n<li><strong>Escaneo <\/strong>hasta A4 con resoluci\u00f3n de <strong>1.200 ppp <\/strong>(horizontal) y <strong>2.400 ppp <\/strong>(vertical)<\/li>\n<li><strong>Velocidad de escaneo <\/strong>: 11s\/pag (grises) y 28 s\/pag (color)<\/li>\n<li><strong>Peso y dimensiones <\/strong>: 3,9 kg y 375 x 347 x 179 mm (ancho x fondo x altura)<\/li>\n<\/ul>\n<p class=\"p1\"><span class=\"s1\">[su_button url=\"\/contact\/\" target=\"blank\" style=\"3d\" background=\"#2D89EF\" color=\"#FFFFFF\" size=\"3\"]Solicita m\u00e1s informaci\u00f3n[\/su_button]<\/span><\/p>\n","protected":false},"featured_media":8310,"template":"","meta":{"zakra_page_container_layout":"customizer","zakra_page_sidebar_layout":"customizer","zakra_remove_content_margin":false,"zakra_sidebar":"customizer","zakra_transparent_header":"customizer","zakra_logo":0,"zakra_main_header_style":"default","zakra_menu_item_color":"","zakra_menu_item_hover_color":"","zakra_menu_item_active_color":"","zakra_menu_active_style":"","zakra_page_header":true,"_eb_attr":""},"product_brand":[],"product_cat":[523],"product_tag":[],"class_list":{"0":"post-8309","1":"product","2":"type-product","3":"status-publish","4":"has-post-thumbnail","6":"product_cat-makers","8":"first","9":"instock","10":"taxable","11":"shipping-taxable","12":"product-type-simple"},"_links":{"self":[{"href":"https:\/\/bomedia.net\/nl\/wp-json\/wp\/v2\/product\/8309","targetHints":{"allow":["GET"]}}],"collection":[{"href":"https:\/\/bomedia.net\/nl\/wp-json\/wp\/v2\/product"}],"about":[{"href":"https:\/\/bomedia.net\/nl\/wp-json\/wp\/v2\/types\/product"}],"version-history":[{"count":1,"href":"https:\/\/bomedia.net\/nl\/wp-json\/wp\/v2\/product\/8309\/revisions"}],"predecessor-version":[{"id":8315,"href":"https:\/\/bomedia.net\/nl\/wp-json\/wp\/v2\/product\/8309\/revisions\/8315"}],"wp:featuredmedia":[{"embeddable":true,"href":"https:\/\/bomedia.net\/nl\/wp-json\/wp\/v2\/media\/8310"}],"wp:attachment":[{"href":"https:\/\/bomedia.net\/nl\/wp-json\/wp\/v2\/media?parent=8309"}],"wp:term":[{"taxonomy":"product_brand","embeddable":true,"href":"https:\/\/bomedia.net\/nl\/wp-json\/wp\/v2\/product_brand?post=8309"},{"taxonomy":"product_cat","embeddable":true,"href":"https:\/\/bomedia.net\/nl\/wp-json\/wp\/v2\/product_cat?post=8309"},{"taxonomy":"product_tag","embeddable":true,"href":"https:\/\/bomedia.net\/nl\/wp-json\/wp\/v2\/product_tag?post=8309"}],"curies":[{"name":"wp","href":"https:\/\/api.w.org\/{rel}","templated":true}]}}