{"id":8316,"date":"2024-07-25T06:07:46","date_gmt":"2024-07-25T06:07:46","guid":{"rendered":"https:\/\/bomedia.net\/?post_type=product&#038;p=8316"},"modified":"2024-07-25T06:07:46","modified_gmt":"2024-07-25T06:07:46","slug":"impresora-3d-makers","status":"publish","type":"product","link":"https:\/\/bomedia.net\/nl\/product\/impresora-3d-makers","title":{"rendered":"Impresora 3D &#8211; Makers"},"content":{"rendered":"<p>Las impresoras 3D nos permiten producir representaciones 3D f\u00edsicas de modelos digitales, creados por nosotros o compartidos y adaptados, utilizando tecnolog\u00eda aditiva. El equipamiento MAKER tiene dos dispositivos que utilizan la tecnolog\u00eda de fabricaci\u00f3n con filamento fundido, que nos permite trabajar con diferentes tipos de materiales termopl\u00e1sticos, como el PLAN que se puede obtener a partir del almid\u00f3n del ma\u00edz.<\/p>\n<h4>Caracter\u00edsticas t\u00e9cnicas<\/h4>\n<ul>\n<li><strong>Modelo <\/strong>: <strong>Sovol SV06 Plus<\/strong><\/li>\n<li><strong>Espacio de trabajo <\/strong>: un volumen de 30 x 30 x 25 cm.<\/li>\n<li><strong>Materiales de trabajo <\/strong>: Bobinas de pl\u00e1sticos de PLAN, TPU y PETG los m\u00e1s habituales.<\/li>\n<li><strong>Accesorios <\/strong>: Herramientas de trabajo para antes y despu\u00e9s de la impresi\u00f3n (algunos deben comprarse aparte).<\/li>\n<li><strong>Prestaciones <\/strong>: extrusi\u00f3n directa, carga de filamento autom\u00e1tico, nivelaci\u00f3n autom\u00e1tica, base de impresi\u00f3n extra\u00edble y flexible, sensor de falta de filamento, reanudaci\u00f3n de la impresi\u00f3n en caso de corte de luz.<\/li>\n<li>Esta impresora incorpora un detector de filamento en la salida del carrito que sirve para dar una alarma cuando se termina el filamento del carrito y dar a tiempo para poner un carrito nuevo.<\/li>\n<\/ul>\n","protected":false},"excerpt":{"rendered":"<ul>\n<li><strong>Modelo <\/strong>: <strong>Sovol SV06 Plus<\/strong><\/li>\n<li><strong>Espacio de trabajo <\/strong>: un volumen de 30 x 30 x 25 cm.<\/li>\n<li><strong>Materiales de trabajo <\/strong>: Bobinas de pl\u00e1sticos de PLAN, TPU y PETG los m\u00e1s habituales.<\/li>\n<li><strong>Accesorios <\/strong>: Herramientas de trabajo para antes y despu\u00e9s de la impresi\u00f3n (algunos deben comprarse aparte).<\/li>\n<li><strong>Prestaciones <\/strong>: extrusi\u00f3n directa, carga de filamento autom\u00e1tico, nivelaci\u00f3n autom\u00e1tica, base de impresi\u00f3n extra\u00edble y flexible, sensor de falta de filamento, reanudaci\u00f3n de la impresi\u00f3n en caso de corte de luz.<\/li>\n<li>Esta impresora incorpora un detector de filamento en la salida del carrito que sirve para dar una alarma cuando se termina el filamento del carrito y dar a tiempo para poner un carrito nuevo.<\/li>\n<\/ul>\n<p class=\"p1\"><span class=\"s1\">[su_button url=\"\/contact\/\" target=\"blank\" style=\"3d\" background=\"#2D89EF\" color=\"#FFFFFF\" size=\"3\"]Solicita m\u00e1s informaci\u00f3n[\/su_button]<\/span><\/p>\n","protected":false},"featured_media":8165,"template":"","meta":{"zakra_page_container_layout":"customizer","zakra_page_sidebar_layout":"customizer","zakra_remove_content_margin":false,"zakra_sidebar":"customizer","zakra_transparent_header":"customizer","zakra_logo":0,"zakra_main_header_style":"default","zakra_menu_item_color":"","zakra_menu_item_hover_color":"","zakra_menu_item_active_color":"","zakra_menu_active_style":"","zakra_page_header":true,"_eb_attr":""},"product_brand":[],"product_cat":[523],"product_tag":[],"class_list":{"0":"post-8316","1":"product","2":"type-product","3":"status-publish","4":"has-post-thumbnail","6":"product_cat-makers","8":"first","9":"instock","10":"taxable","11":"shipping-taxable","12":"product-type-simple"},"_links":{"self":[{"href":"https:\/\/bomedia.net\/nl\/wp-json\/wp\/v2\/product\/8316","targetHints":{"allow":["GET"]}}],"collection":[{"href":"https:\/\/bomedia.net\/nl\/wp-json\/wp\/v2\/product"}],"about":[{"href":"https:\/\/bomedia.net\/nl\/wp-json\/wp\/v2\/types\/product"}],"version-history":[{"count":2,"href":"https:\/\/bomedia.net\/nl\/wp-json\/wp\/v2\/product\/8316\/revisions"}],"predecessor-version":[{"id":8320,"href":"https:\/\/bomedia.net\/nl\/wp-json\/wp\/v2\/product\/8316\/revisions\/8320"}],"wp:featuredmedia":[{"embeddable":true,"href":"https:\/\/bomedia.net\/nl\/wp-json\/wp\/v2\/media\/8165"}],"wp:attachment":[{"href":"https:\/\/bomedia.net\/nl\/wp-json\/wp\/v2\/media?parent=8316"}],"wp:term":[{"taxonomy":"product_brand","embeddable":true,"href":"https:\/\/bomedia.net\/nl\/wp-json\/wp\/v2\/product_brand?post=8316"},{"taxonomy":"product_cat","embeddable":true,"href":"https:\/\/bomedia.net\/nl\/wp-json\/wp\/v2\/product_cat?post=8316"},{"taxonomy":"product_tag","embeddable":true,"href":"https:\/\/bomedia.net\/nl\/wp-json\/wp\/v2\/product_tag?post=8316"}],"curies":[{"name":"wp","href":"https:\/\/api.w.org\/{rel}","templated":true}]}}