{"id":8328,"date":"2024-07-25T06:16:46","date_gmt":"2024-07-25T06:16:46","guid":{"rendered":"https:\/\/bomedia.net\/?post_type=product&#038;p=8328"},"modified":"2024-07-25T06:16:47","modified_gmt":"2024-07-25T06:16:47","slug":"bordadora-digital-makers","status":"publish","type":"product","link":"https:\/\/bomedia.net\/nl\/product\/bordadora-digital-makers","title":{"rendered":"Bordadora digital &#8211; Makers"},"content":{"rendered":"<p>M\u00e1quina de bordar con pantalla t\u00e1ctil a color de 7 pulgadas. Con distintos tipos de patadas, fuentes y dise\u00f1os decorativos. Con posibilidad de importar patrones externos desde una memoria USB.<\/p>\n<h3>Caracter\u00edsticas t\u00e9cnicas<\/h3>\n<ul>\n<li><strong>\u00c1rea de trabajo <\/strong>: Dos bastidores: 100 x 100 mm y 100 x 235 mm.<\/li>\n<li><strong>Materiales de trabajo <\/strong>: Tela.<\/li>\n<li><strong>Accesorios <\/strong>:\n<ul>\n<li>Pedal de pie<\/li>\n<li>Dos bastidores con tama\u00f1os 100&#215;100 mm y 100&#215;235 mm.<\/li>\n<li>Puntero por pantalla t\u00e1ctil<\/li>\n<li>Herramientas comunes de uso: tijeras, pinzas, tres canillas, topes de carrete (dos di\u00e1metros), \u00fatil para botones, cuchilla para ojales, tres patines, juego de tres agujas de repuesto, dos destornilladores planos, memoria USB con informaci\u00f3n.<\/li>\n<\/ul>\n<\/li>\n<\/ul>\n","protected":false},"excerpt":{"rendered":"<p>M\u00e1quina de bordar con pantalla t\u00e1ctil a color de 7 pulgadas.<\/p>\n<p>Con distintos tipos de patadas, fuentes y dise\u00f1os decorativos.<\/p>\n<p>Con posibilidad de importar patrones externos desde una memoria USB.<\/p>\n<p class=\"p1\"><span class=\"s1\">[su_button url=\"\/contact\/\" target=\"blank\" style=\"3d\" background=\"#2D89EF\" color=\"#FFFFFF\" size=\"3\"]Solicita m\u00e1s informaci\u00f3n[\/su_button]<\/span><\/p>\n","protected":false},"featured_media":8170,"template":"","meta":{"zakra_page_container_layout":"customizer","zakra_page_sidebar_layout":"customizer","zakra_remove_content_margin":false,"zakra_sidebar":"customizer","zakra_transparent_header":"customizer","zakra_logo":0,"zakra_main_header_style":"default","zakra_menu_item_color":"","zakra_menu_item_hover_color":"","zakra_menu_item_active_color":"","zakra_menu_active_style":"","zakra_page_header":true,"_eb_attr":""},"product_brand":[],"product_cat":[523],"product_tag":[],"class_list":{"0":"post-8328","1":"product","2":"type-product","3":"status-publish","4":"has-post-thumbnail","6":"product_cat-makers","8":"first","9":"instock","10":"taxable","11":"shipping-taxable","12":"product-type-simple"},"_links":{"self":[{"href":"https:\/\/bomedia.net\/nl\/wp-json\/wp\/v2\/product\/8328","targetHints":{"allow":["GET"]}}],"collection":[{"href":"https:\/\/bomedia.net\/nl\/wp-json\/wp\/v2\/product"}],"about":[{"href":"https:\/\/bomedia.net\/nl\/wp-json\/wp\/v2\/types\/product"}],"version-history":[{"count":1,"href":"https:\/\/bomedia.net\/nl\/wp-json\/wp\/v2\/product\/8328\/revisions"}],"predecessor-version":[{"id":8329,"href":"https:\/\/bomedia.net\/nl\/wp-json\/wp\/v2\/product\/8328\/revisions\/8329"}],"wp:featuredmedia":[{"embeddable":true,"href":"https:\/\/bomedia.net\/nl\/wp-json\/wp\/v2\/media\/8170"}],"wp:attachment":[{"href":"https:\/\/bomedia.net\/nl\/wp-json\/wp\/v2\/media?parent=8328"}],"wp:term":[{"taxonomy":"product_brand","embeddable":true,"href":"https:\/\/bomedia.net\/nl\/wp-json\/wp\/v2\/product_brand?post=8328"},{"taxonomy":"product_cat","embeddable":true,"href":"https:\/\/bomedia.net\/nl\/wp-json\/wp\/v2\/product_cat?post=8328"},{"taxonomy":"product_tag","embeddable":true,"href":"https:\/\/bomedia.net\/nl\/wp-json\/wp\/v2\/product_tag?post=8328"}],"curies":[{"name":"wp","href":"https:\/\/api.w.org\/{rel}","templated":true}]}}